{"id":5,"date":"2014-11-09T16:28:40","date_gmt":"2014-11-09T16:28:40","guid":{"rendered":"http:\/\/krulc.wordpress.com\/?page_id=1"},"modified":"2025-05-14T13:59:12","modified_gmt":"2025-05-14T11:59:12","slug":"about","status":"publish","type":"page","link":"https:\/\/www.krulc.si\/","title":{"rendered":"Dobrodo\u0161li"},"content":{"rendered":"<p>Gostilna Krulc je najstarej\u0161a gostilna v Posavju, saj obstaja od leta 1529. Po ustnem izro\u010dilu naj bi v tej gostilni obedoval tudi Matija Gubec, vodja slovensko-hrva\u0161kega kme\u010dkega upora. Gostilna se nahaja v vasi Mostec, le streljaj od Term \u010cate\u017e, od tam se lahko do nas\u00a0odpravite kar z brodom, ki vas po Savi prepelje na drugo stran. Po cesti je od Bre\u017eic in Term \u010cate\u017e smo oddaljeni pribli\u017eno 4 kilometre. V leta 2007 prenovljenem objektu vas bomo postregli z malico, kosilom, jedmi po naro\u010dilu, pizzami, ribjimi jedmi, zraven pa nato\u010dili doma\u010da vina lastne pridelave. Vsak \u010detrtek okoli 11. ure vam nudimo pe\u010denega odojka in jagenj\u010dka, sprejemamo tudi zaklju\u010dene dru\u017ebe.<\/p>\n<p>Za vse dodatne informacije smo vam na voljo na matevz@krulc.si ali na 07 49 67 933.<\/p>\n<p><img loading=\"lazy\" decoding=\"async\" class=\"alignnone  wp-image-19\" src=\"http:\/\/www.krulc.si\/wp-content\/uploads\/2014\/11\/cropped-img_34051.jpg?w=300\" alt=\"cropped-img_34051.jpg\" width=\"309\" height=\"206\" srcset=\"https:\/\/www.krulc.si\/wp-content\/uploads\/2014\/11\/cropped-img_34051.jpg 1280w, https:\/\/www.krulc.si\/wp-content\/uploads\/2014\/11\/cropped-img_34051-300x200.jpg 300w, https:\/\/www.krulc.si\/wp-content\/uploads\/2014\/11\/cropped-img_34051-1024x683.jpg 1024w\" sizes=\"auto, (max-width: 309px) 100vw, 309px\" \/><img loading=\"lazy\" decoding=\"async\" class=\"alignnone size-medium wp-image-13\" src=\"http:\/\/www.krulc.si\/wp-content\/uploads\/2014\/11\/cropped-gostilna.jpg?w=300\" alt=\"cropped-gostilna.jpg\" width=\"300\" height=\"206\" srcset=\"https:\/\/www.krulc.si\/wp-content\/uploads\/2014\/11\/cropped-gostilna.jpg 1280w, https:\/\/www.krulc.si\/wp-content\/uploads\/2014\/11\/cropped-gostilna-300x207.jpg 300w, https:\/\/www.krulc.si\/wp-content\/uploads\/2014\/11\/cropped-gostilna-1024x706.jpg 1024w\" sizes=\"auto, (max-width: 300px) 100vw, 300px\" \/><img loading=\"lazy\" decoding=\"async\" class=\"alignnone  wp-image-23\" src=\"http:\/\/www.krulc.si\/wp-content\/uploads\/2014\/11\/terasa-urejena.jpg?w=300\" alt=\"terasa urejena\" width=\"308\" height=\"205\" srcset=\"https:\/\/www.krulc.si\/wp-content\/uploads\/2014\/11\/terasa-urejena.jpg 3888w, https:\/\/www.krulc.si\/wp-content\/uploads\/2014\/11\/terasa-urejena-300x200.jpg 300w, https:\/\/www.krulc.si\/wp-content\/uploads\/2014\/11\/terasa-urejena-1024x683.jpg 1024w\" sizes=\"auto, (max-width: 308px) 100vw, 308px\" \/>\u00a0<a href=\"http:\/\/www.krulc.si\/wp-content\/uploads\/2014\/11\/pb150308.jpg\"><img loading=\"lazy\" decoding=\"async\" class=\"alignnone  wp-image-25\" src=\"http:\/\/www.krulc.si\/wp-content\/uploads\/2014\/11\/pb150308.jpg?w=300\" alt=\"OLYMPUS DIGITAL CAMERA\" width=\"272\" height=\"204\" srcset=\"https:\/\/www.krulc.si\/wp-content\/uploads\/2014\/11\/pb150308.jpg 1024w, https:\/\/www.krulc.si\/wp-content\/uploads\/2014\/11\/pb150308-300x225.jpg 300w\" sizes=\"auto, (max-width: 272px) 100vw, 272px\" \/><\/a><\/p>\n","protected":false},"excerpt":{"rendered":"<p>Gostilna Krulc je najstarej\u0161a gostilna v Posavju, saj obstaja od leta 1529. Po ustnem izro\u010dilu naj bi v tej gostilni obedoval tudi Matija Gubec, vodja slovensko-hrva\u0161kega kme\u010dkega upora. Gostilna se nahaja v vasi Mostec, le streljaj od Term \u010cate\u017e, od tam se lahko do nas\u00a0odpravite kar z brodom, ki vas po Savi prepelje na drugo [&hellip;]<\/p>\n","protected":false},"author":1,"featured_media":0,"parent":0,"menu_order":0,"comment_status":"closed","ping_status":"open","template":"","meta":{"footnotes":""},"class_list":["post-5","page","type-page","status-publish","hentry","entry"],"_links":{"self":[{"href":"https:\/\/www.krulc.si\/index.php?rest_route=\/wp\/v2\/pages\/5","targetHints":{"allow":["GET"]}}],"collection":[{"href":"https:\/\/www.krulc.si\/index.php?rest_route=\/wp\/v2\/pages"}],"about":[{"href":"https:\/\/www.krulc.si\/index.php?rest_route=\/wp\/v2\/types\/page"}],"author":[{"embeddable":true,"href":"https:\/\/www.krulc.si\/index.php?rest_route=\/wp\/v2\/users\/1"}],"replies":[{"embeddable":true,"href":"https:\/\/www.krulc.si\/index.php?rest_route=%2Fwp%2Fv2%2Fcomments&post=5"}],"version-history":[{"count":5,"href":"https:\/\/www.krulc.si\/index.php?rest_route=\/wp\/v2\/pages\/5\/revisions"}],"predecessor-version":[{"id":902,"href":"https:\/\/www.krulc.si\/index.php?rest_route=\/wp\/v2\/pages\/5\/revisions\/902"}],"wp:attachment":[{"href":"https:\/\/www.krulc.si\/index.php?rest_route=%2Fwp%2Fv2%2Fmedia&parent=5"}],"curies":[{"name":"wp","href":"https:\/\/api.w.org\/{rel}","templated":true}]}}